{"id":102,"date":"2020-04-23T13:54:42","date_gmt":"2020-04-23T13:54:42","guid":{"rendered":"http:\/\/localhost\/ceweb\/wordpress\/?page_id=102"},"modified":"2020-04-23T14:04:06","modified_gmt":"2020-04-23T14:04:06","slug":"grupos-de-apoyo","status":"publish","type":"page","link":"http:\/\/comunidadencuentro.com\/index.php\/grupos-de-apoyo\/","title":{"rendered":"Grupos de apoyo"},"content":{"rendered":"\n<h4 class=\"wp-block-heading\">GRUPOS DE APOYO<\/h4>\n\n\n\n<p>Los grupos de apoyo van dirigidos especialmente a los familiares de los j\u00f3venes que se encuentran en el programa. Dichos grupos gu\u00edan a la familia durante y despu\u00e9s del programa, dando un apoyo y una formaci\u00f3n que vaya en el mismo sentido del propuesto por la Comunidad Encuentro.<\/p>\n\n\n\n<p>Dichos grupos se re\u00fanen en distintas partes del pa\u00eds, Heredia, San Jos\u00e9, Cartago, San Carlos, Zarcero, etc. Para m\u00e1s informaci\u00f3n no duden en ponerse en contacto con nuestras oficinas al n\u00famero 2773-3316 o 2773-3315.<\/p>\n","protected":false},"excerpt":{"rendered":"<p>GRUPOS DE APOYO Los grupos de apoyo van dirigidos especialmente a los familiares de los j\u00f3venes que se encuentran en el programa. Dichos grupos gu\u00edan a la familia durante y despu\u00e9s del programa, dando un apoyo y una formaci\u00f3n que vaya en el mismo sentido del propuesto por la Comunidad Encuentro. Dichos grupos se re\u00fanen &hellip; <\/p>\n<p class=\"link-more\"><a href=\"http:\/\/comunidadencuentro.com\/index.php\/grupos-de-apoyo\/\" class=\"more-link\">Continuar leyendo<span class=\"screen-reader-text\"> \u00abGrupos de apoyo\u00bb<\/span><\/a><\/p>\n","protected":false},"author":1,"featured_media":93,"parent":0,"menu_order":0,"comment_status":"closed","ping_status":"closed","template":"","meta":{"footnotes":""},"class_list":["post-102","page","type-page","status-publish","has-post-thumbnail","hentry"],"_links":{"self":[{"href":"http:\/\/comunidadencuentro.com\/index.php\/wp-json\/wp\/v2\/pages\/102"}],"collection":[{"href":"http:\/\/comunidadencuentro.com\/index.php\/wp-json\/wp\/v2\/pages"}],"about":[{"href":"http:\/\/comunidadencuentro.com\/index.php\/wp-json\/wp\/v2\/types\/page"}],"author":[{"embeddable":true,"href":"http:\/\/comunidadencuentro.com\/index.php\/wp-json\/wp\/v2\/users\/1"}],"replies":[{"embeddable":true,"href":"http:\/\/comunidadencuentro.com\/index.php\/wp-json\/wp\/v2\/comments?post=102"}],"version-history":[{"count":1,"href":"http:\/\/comunidadencuentro.com\/index.php\/wp-json\/wp\/v2\/pages\/102\/revisions"}],"predecessor-version":[{"id":103,"href":"http:\/\/comunidadencuentro.com\/index.php\/wp-json\/wp\/v2\/pages\/102\/revisions\/103"}],"wp:featuredmedia":[{"embeddable":true,"href":"http:\/\/comunidadencuentro.com\/index.php\/wp-json\/wp\/v2\/media\/93"}],"wp:attachment":[{"href":"http:\/\/comunidadencuentro.com\/index.php\/wp-json\/wp\/v2\/media?parent=102"}],"curies":[{"name":"wp","href":"https:\/\/api.w.org\/{rel}","templated":true}]}}