{"id":2,"date":"2020-04-21T23:49:29","date_gmt":"2020-04-21T23:49:29","guid":{"rendered":"http:\/\/localhost\/ceweb\/wordpress\/?page_id=2"},"modified":"2020-04-25T10:20:02","modified_gmt":"2020-04-25T16:20:02","slug":"pagina-ejemplo","status":"publish","type":"page","link":"http:\/\/comunidadencuentro.com\/index.php\/pagina-ejemplo\/","title":{"rendered":"Testimonios"},"content":{"rendered":"\n<p>Testimonios de muchachos que terminaron el programa de Comunidad Encuentro<\/p>\n\n\n\n<blockquote class=\"wp-block-quote is-layout-flow wp-block-quote-is-layout-flow\"><p>\u00abMi nombre es Jorge Corrales y estoy muy agradecido con todo lo lo que aprend\u00ed en la Comunidad donde permanec\u00ed 3 a\u00f1os de programa y luego 2 mas como educador.\u00bb Jorge, Golfito, fin de programa 2008.<\/p><\/blockquote>\n\n\n\n<blockquote class=\"wp-block-quote is-layout-flow wp-block-quote-is-layout-flow\"><p>\u00abGracias a la Comunidad hoy gozo de una vida diferente llena de alegr\u00eda con familiares y amigos, nunca antes imagine vivir de esta manera tan bella.\u00bb Michael, Golfito, <em>fin de programa 20<\/em>14.<\/p><\/blockquote>\n\n\n\n<blockquote class=\"wp-block-quote is-layout-flow wp-block-quote-is-layout-flow\"><p>\u00abGracias a CE entend\u00ed el valor de la familia y hoy es mi pilar de vida, todo lo que hago es por el bienestar de ellos y principalmente el mio.\u00bb Eddy, Desamparados, <em>fin de programa 2<\/em>000.<\/p><p>\u00abM\u00e1s que agradecido con Comunidad Encuentro por haberme ayudado a encontrarle sentido a mi vida.\u00bb Duvan, Ciudad Neily, fin de programa 2019.<\/p><p>\u00abAtravesar el proceso de la Comunidad Encuentro no fue f\u00e1cil, pero gracias al sacrificio y esfuerzo puedo tener una vida m\u00e1s estable y una nueva familia la Comunidad..\u00bb Bryan, Parrita, fin de programa 2019.<\/p><\/blockquote>\n\n\n\n<blockquote class=\"wp-block-quote is-layout-flow wp-block-quote-is-layout-flow\"><p>\u00abSiento una enorme gratitud hac\u00eda la Comunidad Encuentro, 16 a\u00f1os han pasado desde ese abril 2004 que conoc\u00ed la mejor escuela de vida que me regalar\u00eda la oportunidad de disfrutar la vida con valores que me permiten reconquistar la felicidad cada d\u00eda. Un hogar sencillamente maravilloso que representa el verdadero significado de la vida, y es el lugar en el cu\u00e1l muchos hemos encontrado las verdaderas amistades.<br>La Comunidad Encuentro m\u00e1s all\u00e1 de ser un lugar, es una familia formada por personas entregadas completamente al compromiso de ayudar a quien ha sido herido por diferentes circunstancias. Es un grupo de personas con sus virtudes, defectos y sus capacidades caminando juntos para ayudar a encontrar el camino correcto a quienes se han perdido. Es la Comunidad para m\u00ed el lazo m\u00e1s fuerte que tengo con mi relaci\u00f3n con Dios ya que por medio de la misma logro ver el equilibrio que debo tener entre mi raz\u00f3n y mi fe. Gracias a la Comunidad Encuentro hoy gozo de un trabajo, una muy buena salud f\u00edsica y mental y he formado una familia que amo y respeto con un amor especial formado por una educaci\u00f3n adquirida y practicada en Comunidad.\u00bb Joan, Heredia, fin de programa 2007.<\/p><p>\u00abLa Comunidad Encuentro me dio el sentido de formar parte de una historia y la responsabilidad de cuidarlo, al hacerlo, me cuido cada d\u00eda. Me devolvi\u00f3 a mi familia y me acept\u00f3 en la gran familia que es Comunidad.\u00bb V\u00edctor, Guadalupe, fin de programa 2006.<\/p><p>\u00abYo agradezco a Dios por que me dejo vivir una de las mejores experiencias me llamo Cristian y termin\u00e9 mi programa en el 2018, e hice un a\u00f1o m\u00e1s de comunidad fue bonito conocer muchas personas con el mismo objetivo.\u00bb Cristian, San Jos\u00e9, fin de programa 2018.<\/p><p>\u00abEstar en comunidad me devolvi\u00f3 el amor y valor a las personas y por mi mismo me hicieron saber que si pod\u00eda, me costo mucho pero gracias a Dios y a la comunidad soy feliz, Gracias Don.\u00bb Mauricio, Moravia, fin de programa 2000.<\/p><p>\u00abUna experiencia demasiado bonita,Comunidad Encuentro una gran familia,donde yo personalmente me di cuenta que un lugar como ese no existe,personas,amigos\u2026..familia.\u00bb David, San Carlos, fin de programa 2019.<\/p><\/blockquote>\n\n\n\n<blockquote class=\"wp-block-quote is-layout-flow wp-block-quote-is-layout-flow\"><p>\u00abLa comunidad para mi realmente es el lugar donde volv\u00ed a nacer, el lugar que abri\u00f3 mis ojos y form\u00f3 en mi un caballero.<br>La comunidad para m\u00ed realmente es el hogar que deja el marinero cuando sale de pesca y que con ansias desea regresar.\u00bb Gabriel, Jac\u00f3, fin de programa 2012.<\/p><\/blockquote>\n\n\n\n<blockquote class=\"wp-block-quote is-layout-flow wp-block-quote-is-layout-flow\"><p>\u00abLa Comunidad me permiti\u00f3 reencontrarme con la bella sensaci\u00f3n de vivir la vida.\u00bb Patricio, Curridabat, 2017<\/p><\/blockquote>\n\n\n\n<blockquote class=\"wp-block-quote is-layout-flow wp-block-quote-is-layout-flow\"><p>\u00abEl bienestar que vivo hoy en d\u00eda, se lo debo a todo lo aprendido en la comunidad, cada d\u00eda es una nueva experiencia para demostrar que se puede vivir mucho mejor, sin tener que drogarse ni permanecer en un camino equivocado, sino aprovechar el horizonte que siempre nos prometi\u00f3 Don Pierino.\u00bb Enixai, Cartago, 2013.<\/p><\/blockquote>\n\n\n\n<blockquote class=\"wp-block-quote is-layout-flow wp-block-quote-is-layout-flow\"><p>\u00abEl proceso en Comunidad Encuentro fueron los 2 a\u00f1os y 10 meses mejor invertidos de mi vida, gracias a estar all\u00e1 aprend\u00ed a observar y vivir la vida con plenitud. Adem\u00e1s encontr\u00e9 personas de gran calidad humana que me acompa\u00f1aron a vivir experiencias que nunca olvidar\u00e9 y que me har\u00e1n permanecer en una vida sana, libre de la drogadicci\u00f3n.\u00bb Mariano, Curridabat, 2017<\/p><p>\u00abGracias a la Comunidad hoy valora a mi familia y aprendo a disfrutar de cosas que en alg\u00fan momentom perd\u00ed, como el estudio o el deporte.\u00bb Allan, Cartago, 2013<\/p><\/blockquote>\n\n\n\n<blockquote class=\"wp-block-quote is-layout-flow wp-block-quote-is-layout-flow\"><p><\/p><\/blockquote>\n\n\n\n<p><\/p>\n","protected":false},"excerpt":{"rendered":"<p>Testimonios de muchachos que terminaron el programa de Comunidad Encuentro \u00abMi nombre es Jorge Corrales y estoy muy agradecido con todo lo lo que aprend\u00ed en la Comunidad donde permanec\u00ed 3 a\u00f1os de programa y luego 2 mas como educador.\u00bb Jorge, Golfito, fin de programa 2008. \u00abGracias a la Comunidad hoy gozo de una vida &hellip; <\/p>\n<p class=\"link-more\"><a href=\"http:\/\/comunidadencuentro.com\/index.php\/pagina-ejemplo\/\" class=\"more-link\">Continuar leyendo<span class=\"screen-reader-text\"> \u00abTestimonios\u00bb<\/span><\/a><\/p>\n","protected":false},"author":1,"featured_media":93,"parent":0,"menu_order":0,"comment_status":"closed","ping_status":"open","template":"","meta":{"footnotes":""},"class_list":["post-2","page","type-page","status-publish","has-post-thumbnail","hentry"],"_links":{"self":[{"href":"http:\/\/comunidadencuentro.com\/index.php\/wp-json\/wp\/v2\/pages\/2"}],"collection":[{"href":"http:\/\/comunidadencuentro.com\/index.php\/wp-json\/wp\/v2\/pages"}],"about":[{"href":"http:\/\/comunidadencuentro.com\/index.php\/wp-json\/wp\/v2\/types\/page"}],"author":[{"embeddable":true,"href":"http:\/\/comunidadencuentro.com\/index.php\/wp-json\/wp\/v2\/users\/1"}],"replies":[{"embeddable":true,"href":"http:\/\/comunidadencuentro.com\/index.php\/wp-json\/wp\/v2\/comments?post=2"}],"version-history":[{"count":6,"href":"http:\/\/comunidadencuentro.com\/index.php\/wp-json\/wp\/v2\/pages\/2\/revisions"}],"predecessor-version":[{"id":138,"href":"http:\/\/comunidadencuentro.com\/index.php\/wp-json\/wp\/v2\/pages\/2\/revisions\/138"}],"wp:featuredmedia":[{"embeddable":true,"href":"http:\/\/comunidadencuentro.com\/index.php\/wp-json\/wp\/v2\/media\/93"}],"wp:attachment":[{"href":"http:\/\/comunidadencuentro.com\/index.php\/wp-json\/wp\/v2\/media?parent=2"}],"curies":[{"name":"wp","href":"https:\/\/api.w.org\/{rel}","templated":true}]}}