{"id":53,"date":"2020-04-22T22:24:36","date_gmt":"2020-04-22T22:24:36","guid":{"rendered":"http:\/\/localhost\/ceweb\/wordpress\/?page_id=53"},"modified":"2022-11-22T08:02:04","modified_gmt":"2022-11-22T14:02:04","slug":"programa","status":"publish","type":"page","link":"http:\/\/comunidadencuentro.com\/index.php\/programa\/","title":{"rendered":"Programa"},"content":{"rendered":"\n<p>ACOGIDA<\/p>\n\n\n\n<p class=\"has-drop-cap\">El programa de la Comunidad Encuentro va dirigido a j\u00f3venes varones con edades comprendidas entre los 14 y 23 a\u00f1os, que desean retomar con valent\u00eda el tim\u00f3n de su propia vida, dejando atr\u00e1s la droga y la devastaci\u00f3n que esta conlleva.<\/p>\n\n\n\n<p>Este primer per\u00edodo (un mes) est\u00e1 dedicado particularmente a ayudar a la persona a ingresar f\u00edsica y mentalmente en los ritmos regulares de la vida de la C.E. superando las dificultades iniciales vinculadas a un estado psicof\u00edsico probado ( crisis de abstinencia, depresi\u00f3n, ansia).<\/p>\n\n\n\n<p>Durante este tiempo la persona reside en una particular realidad que se llama&nbsp; acogida&nbsp;y es ayudada a tomar contacto consigo mismo y con el contexto, interrumpiendo las relaciones con la familia y con el exterior, puesto que inicialmente el hu\u00e9sped necesita un clima calmo y sereno. Los responsables trabajan con instrumentos t\u00e9cnicos, temas y contenidos,&nbsp; en la formaci\u00f3n de conductas del adolescente f\u00e1rmaco dependiente.<\/p>\n\n\n\n<p>RESIDENCIA<\/p>\n\n\n\n<p class=\"has-drop-cap\">Terminado este primer mes, la persona vuelve a tomar contacto con la familia, comunic\u00e1ndose semanalmente por tel\u00e9fono y recibiendo visitas una vez al mes. Otro elemento que interviene y que se puede repetir, es la posibilidad de un cambio de destino residencial, que viene establecido seg\u00fan condiciones y exigencias del hu\u00e9sped. Seg\u00fan la experiencia de la Comunidad Encuentro, el per\u00edodo dentro del cual se hace el programa(entre 30 y 36 meses), tiempo que permita hacer propicia la convicci\u00f3n de la necesidad de recuperaci\u00f3n, con miras a evitar posibles \u00abreca\u00eddas\u00bb.<br>En efecto, el verdadero \u00e9xito del programa est\u00e1 ligado a la capacidad de la persona de regresar a vivir de manera aut\u00f3noma y auto-suficiente, no m\u00e1s en una condici\u00f3n de pasividad y de soledad, si no, en aquella de activo protagonismo dentro de la vialidad en la cual se encontrar\u00e1 viviendo. Para que la persona tenga la posibilidad de poner a prueba el camino recorrido y su capacidad de reintegrarse a la familia en el contexto social, la Comunidad Encuentro propone durante el programa, periodos llamados \u201cverifica\u201d, en los cuales la persona interrumpe la permanencia en el centro y regresa a su familia. La primera verifica es de una semana y se efect\u00faa despu\u00e9s del primer a\u00f1o de permanencia, la segunda, de doce d\u00edas, despu\u00e9s del segundo a\u00f1o.<\/p>\n\n\n\n<p>CENTROS DE LA COMUNIDAD ENCUENTRO EN COSTA RICA<\/p>\n\n\n\n<p class=\"has-drop-cap\">La Comunidad Encuentro tiene una estructura capaz de dar respuesta a la necesidad de hospedar a j\u00f3venes con edades comprendidas entre los 13 a 23 a\u00f1os, divididos en 4 casas, cada una con caracter\u00edsticas acordes a la edad del joven que llega solicitando ayuda.<\/p>\n\n\n\n<p>EL D\u00cdA A D\u00cdA<\/p>\n\n\n\n<p class=\"has-drop-cap\">La Comunidad Encuentro es sobre todo una autentica familia, nacida como respuesta al hombre que esta solo, que sufre y que busca una casa que lo acoja, una familia a quien pertenecer, un coraz\u00f3n que lo ame, tal como es, cualquiera que sea su condici\u00f3n social, sus dificultades y sus problemas. Por que la Comunidad Encuentro es una propuesta de vida, un estilo de vida que toca todo el hombre en el esfuerzo de re-equilibrarlo y as\u00ed permitirle conseguir un camino para reencontrarse as\u00ed mismo.<\/p>\n","protected":false},"excerpt":{"rendered":"<p>ACOGIDA El programa de la Comunidad Encuentro va dirigido a j\u00f3venes varones con edades comprendidas entre los 14 y 23 a\u00f1os, que desean retomar con valent\u00eda el tim\u00f3n de su propia vida, dejando atr\u00e1s la droga y la devastaci\u00f3n que esta conlleva. Este primer per\u00edodo (un mes) est\u00e1 dedicado particularmente a ayudar a la persona &hellip; <\/p>\n<p class=\"link-more\"><a href=\"http:\/\/comunidadencuentro.com\/index.php\/programa\/\" class=\"more-link\">Continuar leyendo<span class=\"screen-reader-text\"> \u00abPrograma\u00bb<\/span><\/a><\/p>\n","protected":false},"author":1,"featured_media":52,"parent":0,"menu_order":0,"comment_status":"closed","ping_status":"closed","template":"","meta":{"footnotes":""},"class_list":["post-53","page","type-page","status-publish","has-post-thumbnail","hentry"],"_links":{"self":[{"href":"http:\/\/comunidadencuentro.com\/index.php\/wp-json\/wp\/v2\/pages\/53"}],"collection":[{"href":"http:\/\/comunidadencuentro.com\/index.php\/wp-json\/wp\/v2\/pages"}],"about":[{"href":"http:\/\/comunidadencuentro.com\/index.php\/wp-json\/wp\/v2\/types\/page"}],"author":[{"embeddable":true,"href":"http:\/\/comunidadencuentro.com\/index.php\/wp-json\/wp\/v2\/users\/1"}],"replies":[{"embeddable":true,"href":"http:\/\/comunidadencuentro.com\/index.php\/wp-json\/wp\/v2\/comments?post=53"}],"version-history":[{"count":3,"href":"http:\/\/comunidadencuentro.com\/index.php\/wp-json\/wp\/v2\/pages\/53\/revisions"}],"predecessor-version":[{"id":148,"href":"http:\/\/comunidadencuentro.com\/index.php\/wp-json\/wp\/v2\/pages\/53\/revisions\/148"}],"wp:featuredmedia":[{"embeddable":true,"href":"http:\/\/comunidadencuentro.com\/index.php\/wp-json\/wp\/v2\/media\/52"}],"wp:attachment":[{"href":"http:\/\/comunidadencuentro.com\/index.php\/wp-json\/wp\/v2\/media?parent=53"}],"curies":[{"name":"wp","href":"https:\/\/api.w.org\/{rel}","templated":true}]}}