{"id":8,"date":"2020-04-21T23:51:34","date_gmt":"2020-04-21T23:51:34","guid":{"rendered":"http:\/\/localhost\/ceweb\/wordpress\/?page_id=8"},"modified":"2020-04-22T23:07:41","modified_gmt":"2020-04-22T23:07:41","slug":"inicio","status":"publish","type":"page","link":"http:\/\/comunidadencuentro.com\/","title":{"rendered":"Inicio"},"content":{"rendered":"\n<p>En la Comunidad Encuentro queremos dar una repuesta concreta al joven que sufre del gran problema social llamado adicci\u00f3n, en colaboraci\u00f3n con las instituciones mas relevantes del pa\u00eds PANI, IAFA, IMAS, JPS estamos abiertos a todo aquel que desee dar un giro en su vida y dejar atr\u00e1s la desolaci\u00f3n para iniciar un camino de amor y esperanza.<\/p>\n","protected":false},"excerpt":{"rendered":"<p>En la Comunidad Encuentro queremos dar una repuesta concreta al joven que sufre del gran problema social llamado adicci\u00f3n, en colaboraci\u00f3n con las instituciones mas relevantes del pa\u00eds PANI, IAFA, IMAS, JPS estamos abiertos a todo aquel que desee dar un giro en su vida y dejar atr\u00e1s la desolaci\u00f3n para iniciar un camino de &hellip; <\/p>\n<p class=\"link-more\"><a href=\"http:\/\/comunidadencuentro.com\/\" class=\"more-link\">Continuar leyendo<span class=\"screen-reader-text\"> \u00abInicio\u00bb<\/span><\/a><\/p>\n","protected":false},"author":1,"featured_media":46,"parent":0,"menu_order":0,"comment_status":"closed","ping_status":"closed","template":"","meta":{"footnotes":""},"class_list":["post-8","page","type-page","status-publish","has-post-thumbnail","hentry"],"_links":{"self":[{"href":"http:\/\/comunidadencuentro.com\/index.php\/wp-json\/wp\/v2\/pages\/8"}],"collection":[{"href":"http:\/\/comunidadencuentro.com\/index.php\/wp-json\/wp\/v2\/pages"}],"about":[{"href":"http:\/\/comunidadencuentro.com\/index.php\/wp-json\/wp\/v2\/types\/page"}],"author":[{"embeddable":true,"href":"http:\/\/comunidadencuentro.com\/index.php\/wp-json\/wp\/v2\/users\/1"}],"replies":[{"embeddable":true,"href":"http:\/\/comunidadencuentro.com\/index.php\/wp-json\/wp\/v2\/comments?post=8"}],"version-history":[{"count":2,"href":"http:\/\/comunidadencuentro.com\/index.php\/wp-json\/wp\/v2\/pages\/8\/revisions"}],"predecessor-version":[{"id":65,"href":"http:\/\/comunidadencuentro.com\/index.php\/wp-json\/wp\/v2\/pages\/8\/revisions\/65"}],"wp:featuredmedia":[{"embeddable":true,"href":"http:\/\/comunidadencuentro.com\/index.php\/wp-json\/wp\/v2\/media\/46"}],"wp:attachment":[{"href":"http:\/\/comunidadencuentro.com\/index.php\/wp-json\/wp\/v2\/media?parent=8"}],"curies":[{"name":"wp","href":"https:\/\/api.w.org\/{rel}","templated":true}]}}