{"id":9,"date":"2020-04-21T23:51:35","date_gmt":"2020-04-21T23:51:35","guid":{"rendered":"http:\/\/localhost\/ceweb\/wordpress\/?page_id=9"},"modified":"2020-04-22T23:11:31","modified_gmt":"2020-04-22T23:11:31","slug":"acerca-de","status":"publish","type":"page","link":"http:\/\/comunidadencuentro.com\/index.php\/acerca-de\/","title":{"rendered":"Nuestra historia"},"content":{"rendered":"\n<p>Comunidad Encuentro nace en Italia el 13 de febrero cuando en Roma un sacerdote recibe en su casa un joven adicto que le hab\u00eda pedido ayuda. El sacerdote se llamaba Pietro Gelmini y el joven Alfredo Nunzi.<\/p>\n\n\n\n<p>Empieza as\u00ed esta experiencia que se ha desarrollado a lo largo de los a\u00f1os hasta llegar en Costa Rica el 8 de setiembre 1993 cuando un grupo de 8 j\u00f3venes, acompa\u00f1ados por el sacerdote padre Carlo Sansonetti, abren la primera casa en San Vito de Coto Brus. El 13 de febrero de 1963, Monse\u00f1or Pietro Gelmini, en aquel entonces Secretario del Cardenal Santiago Copello, pasaba por la famosa Plaza Navona, en Roma, sentado en las gradas de la Iglesia de Santa In\u00e9s, un muchacho drogadicto llamado Alfredo, le dijo en dialecto romano: \u00abA zi pre damme na mano!\u00bb (Cura d\u00e9me una mano). El adem\u00e1n espont\u00e1neo del sacerdote a quien llamamos Don Pierino, fue aquel de llevarse la mano al bolsillo para buscar dinero &#8211; no quiero dinero &#8211; reacciona Alfredo \u2013 no ve que estoy mal \u2013 el sacerdote entonces le ofrece acompa\u00f1arlo al Hospital y aquel le contesta: &#8211; He ido muchas veces al Hospital, pero no sirve, todav\u00eda estoy mal. Le respondi\u00f3 Don Pierino: &#8211; entonces vamos, te llevo a m\u00ed casa la respuesta de Don Pierino se volvi\u00f3 una propuesta, una invitaci\u00f3n. As\u00ed, de un Encuentro naci\u00f3 una Comunidad hace 47 a\u00f1os y por estos or\u00edgenes llevan su nombre y mantiene esas caracter\u00edsticas. Nace la idea por parte de algunas personas entre ellas la familia Sansonetti, y el padre Giando Catarinella; que la Comunidad Encuentro en Italia estudie la posibilidad de abrir un centro en Costa Rica, como propuesta a la problem\u00e1tica que viven miles de j\u00f3venes y adultos en este pa\u00eds, que se ven atrapados por las garras de la droga (MARIHUANA, COCAINA, CRACK) y el alcohol (GUARO). Despu\u00e9s de recibir una respuesta afirmativa por parte de Monse\u00f1or Gelmini, fundador de las Comunidad Encuentro en el mundo, Don Vito Sansonetti se da a la tarea de buscar el lugar id\u00f3neo para llevar adelante este proyecto, lo encuentra justamente en San Vito lugar que ya en pasado hab\u00eda visto protagonistas un grupo de valientes pioneros (italianos y ticos) venidos a colonizar y transformar esta parte de la regi\u00f3n de Coto Brus. As\u00ed el 8 de septiembre de 1993 otro grupo de pioneros (padre Carlo Sansonetti, Roberto Mazzoli, Antonello Marongiu, Filippo Minacapilli, Andrea Faloci, Romolo Ventrella, Maurizio Monaco, Daniel Aguilar, Felipe Sa\u00e9nz y Manuel Duran) llegan en este pueblo con la intenci\u00f3n de inculcar el mensaje de vida y de esperanza de la Comunidad Encuentro. El 20 de enero de 1995 se inaugura formalmente el centro Alfredo Nunzi, se cont\u00f3 con la presencia del propio don Pierino (fundador) y de importantes personalidades de la iglesia cat\u00f3lica (nuncio apost\u00f3lico), del gobierno ( Do\u00f1a Karen Olsen de Fig\u00fceres) y de entidades comunitarias locales, se aprovecha para celebrar el cumplea\u00f1os n\u00famero 70 de nuestro padre de amor don Pierino, el trabajo en la finca crec\u00eda en la medida que se iban adquiriendo m\u00e1s hect\u00e1reas, la organizaci\u00f3n no se hizo esperar y se dividi\u00f3 la misma en sectores: ganado de carne, de leche, cerdos, caf\u00e9, pastizales, frutales, cacao, soldadura, ebanister\u00eda, gallinas ponedoras y otros productos agr\u00edcolas secundarios. Es importante mencionar, la labor de reforestaci\u00f3n que se realiz\u00f3 por parte de la comunidad en un sector espec\u00edfico en conjunto con la Organizaci\u00f3n de Estudios Tropicales y Ministerio de Agricultura y Ganader\u00eda. Hasta la actualidad se han abierto cuatro casas, y en ellas residen mas de 100 muchachos que luchan por recuperar su dignidad, para afrontar la vida con una esperanza renovada. <\/p>\n\n\n\n<p><\/p>\n","protected":false},"excerpt":{"rendered":"<p>Comunidad Encuentro nace en Italia el 13 de febrero cuando en Roma un sacerdote recibe en su casa un joven adicto que le hab\u00eda pedido ayuda. El sacerdote se llamaba Pietro Gelmini y el joven Alfredo Nunzi. Empieza as\u00ed esta experiencia que se ha desarrollado a lo largo de los a\u00f1os hasta llegar en Costa &hellip; <\/p>\n<p class=\"link-more\"><a href=\"http:\/\/comunidadencuentro.com\/index.php\/acerca-de\/\" class=\"more-link\">Continuar leyendo<span class=\"screen-reader-text\"> \u00abNuestra historia\u00bb<\/span><\/a><\/p>\n","protected":false},"author":1,"featured_media":70,"parent":0,"menu_order":0,"comment_status":"closed","ping_status":"closed","template":"","meta":{"footnotes":""},"class_list":["post-9","page","type-page","status-publish","has-post-thumbnail","hentry"],"_links":{"self":[{"href":"http:\/\/comunidadencuentro.com\/index.php\/wp-json\/wp\/v2\/pages\/9"}],"collection":[{"href":"http:\/\/comunidadencuentro.com\/index.php\/wp-json\/wp\/v2\/pages"}],"about":[{"href":"http:\/\/comunidadencuentro.com\/index.php\/wp-json\/wp\/v2\/types\/page"}],"author":[{"embeddable":true,"href":"http:\/\/comunidadencuentro.com\/index.php\/wp-json\/wp\/v2\/users\/1"}],"replies":[{"embeddable":true,"href":"http:\/\/comunidadencuentro.com\/index.php\/wp-json\/wp\/v2\/comments?post=9"}],"version-history":[{"count":2,"href":"http:\/\/comunidadencuentro.com\/index.php\/wp-json\/wp\/v2\/pages\/9\/revisions"}],"predecessor-version":[{"id":44,"href":"http:\/\/comunidadencuentro.com\/index.php\/wp-json\/wp\/v2\/pages\/9\/revisions\/44"}],"wp:featuredmedia":[{"embeddable":true,"href":"http:\/\/comunidadencuentro.com\/index.php\/wp-json\/wp\/v2\/media\/70"}],"wp:attachment":[{"href":"http:\/\/comunidadencuentro.com\/index.php\/wp-json\/wp\/v2\/media?parent=9"}],"curies":[{"name":"wp","href":"https:\/\/api.w.org\/{rel}","templated":true}]}}