{"id":10,"date":"2020-04-21T23:51:35","date_gmt":"2020-04-22T05:51:35","guid":{"rendered":"http:\/\/localhost\/ceweb\/wordpress\/?page_id=10"},"modified":"2022-11-22T07:58:53","modified_gmt":"2022-11-22T13:58:53","slug":"contacto","status":"publish","type":"page","link":"https:\/\/comunidadencuentro.com\/index.php\/contacto\/","title":{"rendered":"Contacto &#8211; Ingresos"},"content":{"rendered":"\n<p>Para nuevos ingresos deben comunicarse v\u00eda telef\u00f3nica a los n\u00fameros indicados mas abajo, con mucho gusto se le brindara la disponibilidad de cupo  e informaci\u00f3n deseada.<\/p>\n\n\n\n<p>Los horarios de atenci\u00f3n son:<\/p>\n\n\n\n<p>Lunes a Viernes: 7:30 a 16:00 horas      S\u00e1bados : 7:30 a  12:00 horas<\/p>\n","protected":false},"excerpt":{"rendered":"<p>Para nuevos ingresos deben comunicarse v\u00eda telef\u00f3nica a los n\u00fameros indicados mas abajo, con mucho gusto se le brindara la disponibilidad de cupo e informaci\u00f3n deseada. Los horarios de atenci\u00f3n son: Lunes a Viernes: 7:30 a 16:00 horas S\u00e1bados : 7:30 a 12:00 horas<\/p>\n","protected":false},"author":1,"featured_media":104,"parent":0,"menu_order":0,"comment_status":"closed","ping_status":"closed","template":"","meta":{"footnotes":""},"class_list":["post-10","page","type-page","status-publish","has-post-thumbnail","hentry"],"_links":{"self":[{"href":"https:\/\/comunidadencuentro.com\/index.php\/wp-json\/wp\/v2\/pages\/10"}],"collection":[{"href":"https:\/\/comunidadencuentro.com\/index.php\/wp-json\/wp\/v2\/pages"}],"about":[{"href":"https:\/\/comunidadencuentro.com\/index.php\/wp-json\/wp\/v2\/types\/page"}],"author":[{"embeddable":true,"href":"https:\/\/comunidadencuentro.com\/index.php\/wp-json\/wp\/v2\/users\/1"}],"replies":[{"embeddable":true,"href":"https:\/\/comunidadencuentro.com\/index.php\/wp-json\/wp\/v2\/comments?post=10"}],"version-history":[{"count":3,"href":"https:\/\/comunidadencuentro.com\/index.php\/wp-json\/wp\/v2\/pages\/10\/revisions"}],"predecessor-version":[{"id":76,"href":"https:\/\/comunidadencuentro.com\/index.php\/wp-json\/wp\/v2\/pages\/10\/revisions\/76"}],"wp:featuredmedia":[{"embeddable":true,"href":"https:\/\/comunidadencuentro.com\/index.php\/wp-json\/wp\/v2\/media\/104"}],"wp:attachment":[{"href":"https:\/\/comunidadencuentro.com\/index.php\/wp-json\/wp\/v2\/media?parent=10"}],"curies":[{"name":"wp","href":"https:\/\/api.w.org\/{rel}","templated":true}]}}